{"id":29,"date":"2024-06-20T19:23:28","date_gmt":"2024-06-20T17:23:28","guid":{"rendered":"https:\/\/aolsophro.fr\/?page_id=29"},"modified":"2025-10-24T23:01:26","modified_gmt":"2025-10-24T21:01:26","slug":"les-ateliers-collectifs","status":"publish","type":"page","link":"https:\/\/aolsophro.fr\/index.php\/les-ateliers-collectifs\/","title":{"rendered":"Les ateliers collectifs"},"content":{"rendered":"\n<p>Que vous soyez dans une d\u00e9marche de d\u00e9veloppement personnel, en recherche de la r\u00e9solution d\u2019une probl\u00e9matique personnelle ou bien dans une qu\u00eate du mieux-\u00eatre avec vous-m\u00eame, vous trouverez une r\u00e9ponse dans l\u2019intervention hebdomadaire qui vous est propos\u00e9e.<\/p>\n\n\n\n<figure class=\"wp-block-image size-large\"><img loading=\"lazy\" decoding=\"async\" width=\"1024\" height=\"559\" src=\"https:\/\/aolsophro.fr\/wp-content\/uploads\/2024\/06\/seance-de-groupe-3356624940-e1699479730541-1024x559.jpg\" alt=\"\" class=\"wp-image-30\" srcset=\"https:\/\/aolsophro.fr\/wp-content\/uploads\/2024\/06\/seance-de-groupe-3356624940-e1699479730541-1024x559.jpg 1024w, https:\/\/aolsophro.fr\/wp-content\/uploads\/2024\/06\/seance-de-groupe-3356624940-e1699479730541-300x164.jpg 300w, https:\/\/aolsophro.fr\/wp-content\/uploads\/2024\/06\/seance-de-groupe-3356624940-e1699479730541-768x419.jpg 768w, https:\/\/aolsophro.fr\/wp-content\/uploads\/2024\/06\/seance-de-groupe-3356624940-e1699479730541-1536x839.jpg 1536w, https:\/\/aolsophro.fr\/wp-content\/uploads\/2024\/06\/seance-de-groupe-3356624940-e1699479730541-2048x1118.jpg 2048w, https:\/\/aolsophro.fr\/wp-content\/uploads\/2024\/06\/seance-de-groupe-3356624940-e1699479730541-1140x623.jpg 1140w\" sizes=\"auto, (max-width: 1024px) 100vw, 1024px\" \/><figcaption class=\"wp-element-caption\"><mark>groupe sophro<\/mark><\/figcaption><\/figure>\n\n\n\n<ul class=\"wp-block-list\">\n<li><strong><mark>Public<\/mark><\/strong> : adultes<\/li>\n\n\n\n<li><strong><mark>Jours et horaires<\/mark><\/strong> :\n<ul class=\"wp-block-list\">\n<li>AOL SOPHRO <a href=\"https:\/\/perigueux.fr\/\" target=\"_blank\" rel=\"noreferrer noopener\">PERIGUEUX <\/a>: <\/li>\n\n\n\n<li>les lundis de 18H30 \u00e0 20H00<\/li>\n<\/ul>\n<\/li>\n\n\n\n<li><strong><mark>Lieu de pratique<\/mark><\/strong><mark> <\/mark>:\n<ul class=\"wp-block-list\">\n<li>PERIGUEUX : 10 Bis rue Louis Blanc<\/li>\n<\/ul>\n<\/li>\n<\/ul>\n\n\n\n<h2 class=\"wp-block-heading\">Les Ateliers<\/h2>\n\n\n\n<p>Nous proposons \u00e9galement des ateliers afin d\u2019approfondir des th\u00e9matiques. Sur une journ\u00e9e ou une 1\/2 journ\u00e9e nous alternons des temps de formation th\u00e9orique et des s\u00e9ances adapt\u00e9es. Les ateliers sont r\u00e9serv\u00e9s aux adh\u00e9rents.<\/p>\n\n\n\n<h2 class=\"wp-block-heading\">Tarifs<\/h2>\n\n\n\n<p>S\u00e9ances : <\/p>\n\n\n\n<ul class=\"wp-block-list\">\n<li>Forfait annuel \u00e0 260 \u20ac ouvrant droit \u00e0 environ 30 s\u00e9ances, payable en 3 fois \u00e0 l&rsquo;adh\u00e9sion <\/li>\n\n\n\n<li>Forfait de 10 s\u00e9ances \u00e0 120 \u20ac payable  en 2 fois \u00e0 l&rsquo;adh\u00e9sion, valable durant la saison et renouvelable <\/li>\n<\/ul>\n\n\n\n<p><\/p>\n\n\n\n<p><\/p>\n","protected":false},"excerpt":{"rendered":"<p>Que vous soyez dans une d\u00e9marche de d\u00e9veloppement personnel, en recherche de la r\u00e9solution d\u2019une probl\u00e9matique personnelle ou bien dans une qu\u00eate du mieux-\u00eatre avec vous-m\u00eame, vous trouverez une r\u00e9ponse dans l\u2019intervention hebdomadaire qui vous est propos\u00e9e. Les Ateliers Nous proposons \u00e9galement des ateliers afin d\u2019approfondir des th\u00e9matiques. Sur une journ\u00e9e ou une 1\/2 journ\u00e9e &hellip; <\/p>\n<p><a class=\"more-link btn\" href=\"https:\/\/aolsophro.fr\/index.php\/les-ateliers-collectifs\/\">Lire la suite<\/a><\/p>\n","protected":false},"author":1,"featured_media":0,"parent":0,"menu_order":0,"comment_status":"closed","ping_status":"closed","template":"","meta":{"footnotes":""},"class_list":["post-29","page","type-page","status-publish","hentry","nodate","item-wrap"],"_links":{"self":[{"href":"https:\/\/aolsophro.fr\/index.php\/wp-json\/wp\/v2\/pages\/29","targetHints":{"allow":["GET"]}}],"collection":[{"href":"https:\/\/aolsophro.fr\/index.php\/wp-json\/wp\/v2\/pages"}],"about":[{"href":"https:\/\/aolsophro.fr\/index.php\/wp-json\/wp\/v2\/types\/page"}],"author":[{"embeddable":true,"href":"https:\/\/aolsophro.fr\/index.php\/wp-json\/wp\/v2\/users\/1"}],"replies":[{"embeddable":true,"href":"https:\/\/aolsophro.fr\/index.php\/wp-json\/wp\/v2\/comments?post=29"}],"version-history":[{"count":6,"href":"https:\/\/aolsophro.fr\/index.php\/wp-json\/wp\/v2\/pages\/29\/revisions"}],"predecessor-version":[{"id":156,"href":"https:\/\/aolsophro.fr\/index.php\/wp-json\/wp\/v2\/pages\/29\/revisions\/156"}],"wp:attachment":[{"href":"https:\/\/aolsophro.fr\/index.php\/wp-json\/wp\/v2\/media?parent=29"}],"curies":[{"name":"wp","href":"https:\/\/api.w.org\/{rel}","templated":true}]}}